{"id":184,"date":"2016-03-02T15:36:10","date_gmt":"2016-03-02T15:36:10","guid":{"rendered":"http:\/\/test.kriesi.at\/travel\/?page_id=184"},"modified":"2021-04-15T10:42:32","modified_gmt":"2021-04-15T13:42:32","slug":"nosotros","status":"publish","type":"page","link":"https:\/\/plastipaz.com.ar\/sitio\/nosotros\/","title":{"rendered":"Nosotros"},"content":{"rendered":"<div id='av-layout-grid-1'  class='av-layout-grid-container av-cp5pc-39d54c8a7d1dff4775605a10833dbb89 entry-content-wrapper main_color av-flex-cells  avia-builder-el-0  el_before_av_section  avia-builder-el-first   container_wrap sidebar_right'  >\n\n<style type=\"text\/css\" data-created_by=\"avia_inline_auto\" id=\"style-css-av-kcglmulm-473adae315d0a0a7fb83abada950798f\">\n.flex_cell.av-kcglmulm-473adae315d0a0a7fb83abada950798f{\nvertical-align:top;\n}\n.responsive #top #wrap_all .flex_cell.av-kcglmulm-473adae315d0a0a7fb83abada950798f{\npadding:0px 0px 0px 0px !important;\n}\n<\/style>\n<div class='flex_cell av-kcglmulm-473adae315d0a0a7fb83abada950798f av-gridrow-cell av_one_full no_margin  avia-builder-el-1  avia-builder-el-no-sibling  av-zero-padding' ><div class='flex_cell_inner'><section  class='av_textblock_section av-kcgle5f8-8194ba15c05c2d9ae73e8841fdd4811f '   itemscope=\"itemscope\" itemtype=\"https:\/\/schema.org\/CreativeWork\" ><div class='avia_textblock'  itemprop=\"text\" ><p><iframe loading=\"lazy\" style=\"border: 0;\" margin:\"0\"; tabindex=\"0\" src=\"https:\/\/www.google.com\/maps\/embed?pb=!3m2!1ses!2sar!4v1594407970507!5m2!1ses!2sar!6m8!1m7!1sNF2Q5Gif1O083t9QiOJpfA!2m2!1d-34.52022367778739!2d-58.74211495673997!3f4.155676415240748!4f0.751666424451173!5f0.7820865974627469\" width=\"100%\" height=\"500\" frameborder=\"0\" allowfullscreen=\"allowfullscreen\" aria-hidden=\"false\"><\/iframe><\/p>\n<\/div><\/section>\n<\/div><\/div>\n<\/div>\n<div id='av_section_1'  class='avia-section av-2sph48-49b5e52af97a63f46a178c137707fb73 main_color avia-section-default avia-no-shadow  avia-builder-el-3  el_after_av_layout_row  el_before_av_layout_row  avia-bg-style-scroll container_wrap sidebar_right'  ><div class='container av-section-cont-open' ><div class='template-page content  av-content-small alpha units'><div class='post-entry post-entry-type-page post-entry-184'><div class='entry-content-wrapper clearfix'>\n<div class='flex_column_table av-2jzinc-833febf3f3b1c7484f45703eec927b15 sc-av_one_half av-equal-height-column-flextable'>\n<style type=\"text\/css\" data-created_by=\"avia_inline_auto\" id=\"style-css-av-2jzinc-833febf3f3b1c7484f45703eec927b15\">\n.flex_column.av-2jzinc-833febf3f3b1c7484f45703eec927b15{\n-webkit-border-radius:0px 0px 0px 0px;\n-moz-border-radius:0px 0px 0px 0px;\nborder-radius:0px 0px 0px 0px;\npadding:0px 0px 0px 0px;\n}\n<\/style>\n<div  class='flex_column av-2jzinc-833febf3f3b1c7484f45703eec927b15 av_one_half  avia-builder-el-4  el_before_av_one_half  avia-builder-el-first  first flex_column_table_cell av-equal-height-column av-align-middle av-animated-generic bottom-to-top av-zero-column-padding  '     ><p>\n<style type=\"text\/css\" data-created_by=\"avia_inline_auto\" id=\"style-css-av-1s024o-9bdc8f05e633759ef82080aee7879f66\">\n#top .av-special-heading.av-1s024o-9bdc8f05e633759ef82080aee7879f66{\npadding-bottom:10px;\n}\nbody .av-special-heading.av-1s024o-9bdc8f05e633759ef82080aee7879f66 .av-special-heading-tag .heading-char{\nfont-size:25px;\n}\n.av-special-heading.av-1s024o-9bdc8f05e633759ef82080aee7879f66 .av-subheading{\nfont-size:15px;\n}\n<\/style>\n<div  class='av-special-heading av-1s024o-9bdc8f05e633759ef82080aee7879f66 av-special-heading-h1 blockquote modern-quote  avia-builder-el-5  el_before_av_textblock  avia-builder-el-first '><div class='av-subheading av-subheading_above'><p>sucursal<\/p>\n<\/div><h1 class='av-special-heading-tag'  itemprop=\"headline\"  >Jos\u00e9 C Paz<\/h1><div class=\"special-heading-border\"><div class=\"special-heading-inner-border\"><\/div><\/div><\/div><br \/>\n<section  class='av_textblock_section av-kcglhqu8-929e0201045c936446f18c53d04b2b97 '   itemscope=\"itemscope\" itemtype=\"https:\/\/schema.org\/CreativeWork\" ><div class='avia_textblock'  itemprop=\"text\" ><p>Estamos comprometidos para apoyar a los h\u00e9roes de la atenci\u00f3n de la salud en todo el mundo mediante el uso de nuestros recursos, la adaptaci\u00f3n de nuestras soluciones y la superaci\u00f3n de las barreras a fin de respaldar la lucha contra el COVID-19.<\/p>\n<\/div><\/section><\/p><\/div><div class='av-flex-placeholder'><\/div>\n<style type=\"text\/css\" data-created_by=\"avia_inline_auto\" id=\"style-css-av-24eay0-d132cca58fd12f6753a464a64bacba93\">\n.flex_column.av-24eay0-d132cca58fd12f6753a464a64bacba93{\n-webkit-border-radius:0px 0px 0px 0px;\n-moz-border-radius:0px 0px 0px 0px;\nborder-radius:0px 0px 0px 0px;\npadding:0px 0px 0px 0px;\n}\n<\/style>\n<div  class='flex_column av-24eay0-d132cca58fd12f6753a464a64bacba93 av_one_half  avia-builder-el-7  el_after_av_one_half  avia-builder-el-last  flex_column_table_cell av-equal-height-column av-align-middle av-animated-generic bottom-to-top av-zero-column-padding  '     ><style type=\"text\/css\" data-created_by=\"avia_inline_auto\" id=\"style-css-av-kcffqhs0-60e558d881116544b4cbd62f7ff96e56\">\n#top .avia-icon-list-container.av-kcffqhs0-60e558d881116544b4cbd62f7ff96e56 .iconlist_icon{\ncolor:#000000;\nborder:1px solid #;\n}\n#top #wrap_all .avia-icon-list-container.av-kcffqhs0-60e558d881116544b4cbd62f7ff96e56 .av_iconlist_title{\ncolor:#000000;\n}\n<\/style>\n<div  class='avia-icon-list-container av-kcffqhs0-60e558d881116544b4cbd62f7ff96e56  avia-builder-el-8  avia-builder-el-no-sibling '><ul class='avia-icon-list avia_animate_when_almost_visible avia-icon-list-left av-iconlist-small av-kcffqhs0-60e558d881116544b4cbd62f7ff96e56 avia-iconlist-animate'>\n<li><div class='iconlist_icon av-1lgp4w-80096464368a778c2bfdba3e809e1b08 avia-font-entypo-fontello'><span class='iconlist-char' aria-hidden='true' data-av_icon='\ue821' data-av_iconfont='entypo-fontello'><\/span><\/div><article class=\"article-icon-entry av-iconlist-empty\"  itemscope=\"itemscope\" itemtype=\"https:\/\/schema.org\/CreativeWork\" ><div class=\"iconlist_content_wrap\"><header class=\"entry-content-header\"><div class='av_iconlist_title iconlist_title_small  av_inherit_color'  itemprop=\"headline\" >Av. Pres. Juan Domingo Per\u00f3n 4546, B1665 KQX, Provincia de Buenos Aires<\/div><\/header><div class='iconlist_content '  itemprop=\"text\" ><\/div><\/div><footer class=\"entry-footer\"><\/footer><\/article><div class=\"iconlist-timeline\"><\/div><\/li>\n<li><div class='iconlist_icon av-1f5cq0-788f4a53c7e95cc205b13e0ba6785d47 avia-font-entypo-fontello'><span class='iconlist-char' aria-hidden='true' data-av_icon='\ue854' data-av_iconfont='entypo-fontello'><\/span><\/div><article class=\"article-icon-entry av-iconlist-empty\"  itemscope=\"itemscope\" itemtype=\"https:\/\/schema.org\/CreativeWork\" ><div class=\"iconlist_content_wrap\"><header class=\"entry-content-header\"><div class='av_iconlist_title iconlist_title_small  av_inherit_color'  itemprop=\"headline\" >11 4526-4473 (WhatsApp)<\/div><\/header><div class='iconlist_content '  itemprop=\"text\" ><\/div><\/div><footer class=\"entry-footer\"><\/footer><\/article><div class=\"iconlist-timeline\"><\/div><\/li>\n<li><div class='iconlist_icon av-19fuko-a10faf03749675744b410874f89ec20d avia-font-entypo-fontello'><span class='iconlist-char' aria-hidden='true' data-av_icon='\ue805' data-av_iconfont='entypo-fontello'><\/span><\/div><article class=\"article-icon-entry av-iconlist-empty\"  itemscope=\"itemscope\" itemtype=\"https:\/\/schema.org\/CreativeWork\" ><div class=\"iconlist_content_wrap\"><header class=\"entry-content-header\"><div class='av_iconlist_title iconlist_title_small  av_inherit_color'  itemprop=\"headline\" >suc.josecpaz@plastipaz.com.ar<\/div><\/header><div class='iconlist_content '  itemprop=\"text\" ><\/div><\/div><footer class=\"entry-footer\"><\/footer><\/article><div class=\"iconlist-timeline\"><\/div><\/li>\n<\/ul><\/div><\/div><\/div><!--close column table wrapper. Autoclose: 1 -->\n\n<\/div><\/div><\/div><!-- close content main div --><\/div><\/div><div id='av-layout-grid-2'  class='av-layout-grid-container av-cp5pc-39d54c8a7d1dff4775605a10833dbb89 entry-content-wrapper main_color av-flex-cells  avia-builder-el-9  el_after_av_section  el_before_av_section  grid-row-not-first  container_wrap sidebar_right'  >\n\n<style type=\"text\/css\" data-created_by=\"avia_inline_auto\" id=\"style-css-av-kcglmulm-473adae315d0a0a7fb83abada950798f\">\n.flex_cell.av-kcglmulm-473adae315d0a0a7fb83abada950798f{\nvertical-align:top;\n}\n.responsive #top #wrap_all .flex_cell.av-kcglmulm-473adae315d0a0a7fb83abada950798f{\npadding:0px 0px 0px 0px !important;\n}\n<\/style>\n<div class='flex_cell av-kcglmulm-473adae315d0a0a7fb83abada950798f av-gridrow-cell av_one_full no_margin  avia-builder-el-10  avia-builder-el-no-sibling  av-zero-padding' ><div class='flex_cell_inner'><section  class='av_textblock_section av-kcgle5f8-8194ba15c05c2d9ae73e8841fdd4811f '   itemscope=\"itemscope\" itemtype=\"https:\/\/schema.org\/CreativeWork\" ><div class='avia_textblock'  itemprop=\"text\" ><p><iframe loading=\"lazy\" style=\"border: 0;\" tabindex=\"0\" src=\"https:\/\/www.google.com\/maps\/embed?pb=!3m2!1ses!2sar!4v1594410616451!5m2!1ses!2sar!6m8!1m7!1sVGLBF9z_hvPuCcnWLTTGrg!2m2!1d-34.35286625055365!2d-58.79454803370705!3f90.92674675112985!4f3.30078683429781!5f0.7820865974627469\" width=\"100%\" height=\"500\" frameborder=\"0\" allowfullscreen=\"allowfullscreen\" aria-hidden=\"false\"><\/iframe><\/p>\n<\/div><\/section>\n<\/div><\/div>\n<\/div>\n<div id='av_section_2'  class='avia-section av-2sph48-49b5e52af97a63f46a178c137707fb73 main_color avia-section-default avia-no-shadow  avia-builder-el-12  el_after_av_layout_row  el_before_av_layout_row  avia-bg-style-scroll container_wrap sidebar_right'  ><div class='container av-section-cont-open' ><div class='template-page content  av-content-small alpha units'><div class='post-entry post-entry-type-page post-entry-184'><div class='entry-content-wrapper clearfix'>\n<div class='flex_column_table av-2jzinc-833febf3f3b1c7484f45703eec927b15 sc-av_one_half av-equal-height-column-flextable'>\n<style type=\"text\/css\" data-created_by=\"avia_inline_auto\" id=\"style-css-av-2jzinc-833febf3f3b1c7484f45703eec927b15\">\n.flex_column.av-2jzinc-833febf3f3b1c7484f45703eec927b15{\n-webkit-border-radius:0px 0px 0px 0px;\n-moz-border-radius:0px 0px 0px 0px;\nborder-radius:0px 0px 0px 0px;\npadding:0px 0px 0px 0px;\n}\n<\/style>\n<div  class='flex_column av-2jzinc-833febf3f3b1c7484f45703eec927b15 av_one_half  avia-builder-el-13  el_before_av_one_half  avia-builder-el-first  first flex_column_table_cell av-equal-height-column av-align-middle av-animated-generic bottom-to-top av-zero-column-padding  '     ><p>\n<style type=\"text\/css\" data-created_by=\"avia_inline_auto\" id=\"style-css-av-av_heading-2de24429989ed5bd1e565c3caded0f4a\">\n#top .av-special-heading.av-av_heading-2de24429989ed5bd1e565c3caded0f4a{\npadding-bottom:10px;\n}\nbody .av-special-heading.av-av_heading-2de24429989ed5bd1e565c3caded0f4a .av-special-heading-tag .heading-char{\nfont-size:25px;\n}\n.av-special-heading.av-av_heading-2de24429989ed5bd1e565c3caded0f4a .av-subheading{\nfont-size:15px;\n}\n<\/style>\n<div  class='av-special-heading av-av_heading-2de24429989ed5bd1e565c3caded0f4a av-special-heading-h1 blockquote modern-quote  avia-builder-el-14  el_before_av_textblock  avia-builder-el-first '><div class='av-subheading av-subheading_above'><p>sucursal<\/p>\n<\/div><h1 class='av-special-heading-tag'  itemprop=\"headline\"  >Escobar<\/h1><div class=\"special-heading-border\"><div class=\"special-heading-inner-border\"><\/div><\/div><\/div><br \/>\n<section  class='av_textblock_section av-kcglhqu8-929e0201045c936446f18c53d04b2b97 '   itemscope=\"itemscope\" itemtype=\"https:\/\/schema.org\/CreativeWork\" ><div class='avia_textblock'  itemprop=\"text\" ><p>Estamos comprometidos para apoyar a los h\u00e9roes de la atenci\u00f3n de la salud en todo el mundo mediante el uso de nuestros recursos, la adaptaci\u00f3n de nuestras soluciones y la superaci\u00f3n de las barreras a fin de respaldar la lucha contra el COVID-19.<\/p>\n<\/div><\/section><\/p><\/div><div class='av-flex-placeholder'><\/div>\n<style type=\"text\/css\" data-created_by=\"avia_inline_auto\" id=\"style-css-av-24eay0-d132cca58fd12f6753a464a64bacba93\">\n.flex_column.av-24eay0-d132cca58fd12f6753a464a64bacba93{\n-webkit-border-radius:0px 0px 0px 0px;\n-moz-border-radius:0px 0px 0px 0px;\nborder-radius:0px 0px 0px 0px;\npadding:0px 0px 0px 0px;\n}\n<\/style>\n<div  class='flex_column av-24eay0-d132cca58fd12f6753a464a64bacba93 av_one_half  avia-builder-el-16  el_after_av_one_half  avia-builder-el-last  flex_column_table_cell av-equal-height-column av-align-middle av-animated-generic bottom-to-top av-zero-column-padding  '     ><style type=\"text\/css\" data-created_by=\"avia_inline_auto\" id=\"style-css-av-kcffqhs0-60e558d881116544b4cbd62f7ff96e56\">\n#top .avia-icon-list-container.av-kcffqhs0-60e558d881116544b4cbd62f7ff96e56 .iconlist_icon{\ncolor:#000000;\nborder:1px solid #;\n}\n#top #wrap_all .avia-icon-list-container.av-kcffqhs0-60e558d881116544b4cbd62f7ff96e56 .av_iconlist_title{\ncolor:#000000;\n}\n<\/style>\n<div  class='avia-icon-list-container av-kcffqhs0-60e558d881116544b4cbd62f7ff96e56  avia-builder-el-17  avia-builder-el-no-sibling '><ul class='avia-icon-list avia_animate_when_almost_visible avia-icon-list-left av-iconlist-small av-kcffqhs0-60e558d881116544b4cbd62f7ff96e56 avia-iconlist-animate'>\n<li><div class='iconlist_icon av-12bf3c-128ab40766e67ae2b15c34fbd9ee4953 avia-font-entypo-fontello'><span class='iconlist-char' aria-hidden='true' data-av_icon='\ue821' data-av_iconfont='entypo-fontello'><\/span><\/div><article class=\"article-icon-entry av-iconlist-empty\"  itemscope=\"itemscope\" itemtype=\"https:\/\/schema.org\/CreativeWork\" ><div class=\"iconlist_content_wrap\"><header class=\"entry-content-header\"><div class='av_iconlist_title iconlist_title_small  av_inherit_color'  itemprop=\"headline\" >Av. 25 de Mayo 1038, B1625DYX Bel\u00e9n de Escobar, Provincia de Buenos Aires<\/div><\/header><div class='iconlist_content '  itemprop=\"text\" ><\/div><\/div><footer class=\"entry-footer\"><\/footer><\/article><div class=\"iconlist-timeline\"><\/div><\/li>\n<li><div class='iconlist_icon av-av_iconlist_item-edba638802f1629c1fe9d27664fcf373 avia-font-entypo-fontello'><span class='iconlist-char' aria-hidden='true' data-av_icon='\ue854' data-av_iconfont='entypo-fontello'><\/span><\/div><article class=\"article-icon-entry av-iconlist-empty\"  itemscope=\"itemscope\" itemtype=\"https:\/\/schema.org\/CreativeWork\" ><div class=\"iconlist_content_wrap\"><header class=\"entry-content-header\"><div class='av_iconlist_title iconlist_title_small  av_inherit_color'  itemprop=\"headline\" >11 4530-5178 (WhatsApp)<\/div><\/header><div class='iconlist_content '  itemprop=\"text\" ><\/div><\/div><footer class=\"entry-footer\"><\/footer><\/article><div class=\"iconlist-timeline\"><\/div><\/li>\n<li><div class='iconlist_icon av-ro2xs-93ed4fef4754fadbbc07917518587b76 avia-font-entypo-fontello'><span class='iconlist-char' aria-hidden='true' data-av_icon='\ue805' data-av_iconfont='entypo-fontello'><\/span><\/div><article class=\"article-icon-entry av-iconlist-empty\"  itemscope=\"itemscope\" itemtype=\"https:\/\/schema.org\/CreativeWork\" ><div class=\"iconlist_content_wrap\"><header class=\"entry-content-header\"><div class='av_iconlist_title iconlist_title_small  av_inherit_color'  itemprop=\"headline\" >suc.escobar@plastipaz.com.ar<\/div><\/header><div class='iconlist_content '  itemprop=\"text\" ><\/div><\/div><footer class=\"entry-footer\"><\/footer><\/article><div class=\"iconlist-timeline\"><\/div><\/li>\n<\/ul><\/div><\/div><\/div><!--close column table wrapper. Autoclose: 1 --><\/div><\/div><\/div><!-- close content main div --><\/div><\/div><div id='av-layout-grid-3'  class='av-layout-grid-container av-cp5pc-39d54c8a7d1dff4775605a10833dbb89 entry-content-wrapper main_color av-flex-cells  avia-builder-el-18  el_after_av_section  el_before_av_section  grid-row-not-first  container_wrap sidebar_right'  >\n\n<style type=\"text\/css\" data-created_by=\"avia_inline_auto\" id=\"style-css-av-kcglmulm-473adae315d0a0a7fb83abada950798f\">\n.flex_cell.av-kcglmulm-473adae315d0a0a7fb83abada950798f{\nvertical-align:top;\n}\n.responsive #top #wrap_all .flex_cell.av-kcglmulm-473adae315d0a0a7fb83abada950798f{\npadding:0px 0px 0px 0px !important;\n}\n<\/style>\n<div class='flex_cell av-kcglmulm-473adae315d0a0a7fb83abada950798f av-gridrow-cell av_one_full no_margin  avia-builder-el-19  avia-builder-el-no-sibling  av-zero-padding' ><div class='flex_cell_inner'><section  class='av_textblock_section av-kcgle5f8-8194ba15c05c2d9ae73e8841fdd4811f '   itemscope=\"itemscope\" itemtype=\"https:\/\/schema.org\/CreativeWork\" ><div class='avia_textblock'  itemprop=\"text\" ><p><iframe loading=\"lazy\" src=\"https:\/\/www.google.com\/maps\/embed?pb=!4v1594415488790!6m8!1m7!1sSpnW4ALjmUQqLtLhaeB_mg!2m2!1d-34.55500714248487!2d-58.7256823680479!3f292.9466423241914!4f-9.323664689044406!5f0.7820865974627469\" width=\"100%\" height=\"500\" frameborder=\"0\" style=\"border:0;\" allowfullscreen=\"\" aria-hidden=\"false\" tabindex=\"0\"><\/iframe><\/p>\n<\/div><\/section>\n<\/div><\/div>\n<\/div><\/p>\n<div id='av_section_3'  class='avia-section av-2sph48-49b5e52af97a63f46a178c137707fb73 main_color avia-section-default avia-no-shadow  avia-builder-el-21  el_after_av_layout_row  avia-builder-el-last  avia-bg-style-scroll container_wrap sidebar_right'  ><div class='container av-section-cont-open' ><div class='template-page content  av-content-small alpha units'><div class='post-entry post-entry-type-page post-entry-184'><div class='entry-content-wrapper clearfix'>\n<div class='flex_column_table av-2jzinc-833febf3f3b1c7484f45703eec927b15 sc-av_one_half av-equal-height-column-flextable'>\n<style type=\"text\/css\" data-created_by=\"avia_inline_auto\" id=\"style-css-av-2jzinc-833febf3f3b1c7484f45703eec927b15\">\n.flex_column.av-2jzinc-833febf3f3b1c7484f45703eec927b15{\n-webkit-border-radius:0px 0px 0px 0px;\n-moz-border-radius:0px 0px 0px 0px;\nborder-radius:0px 0px 0px 0px;\npadding:0px 0px 0px 0px;\n}\n<\/style>\n<div  class='flex_column av-2jzinc-833febf3f3b1c7484f45703eec927b15 av_one_half  avia-builder-el-22  el_before_av_one_half  avia-builder-el-first  first flex_column_table_cell av-equal-height-column av-align-middle av-animated-generic bottom-to-top av-zero-column-padding  '     ><p>\n<style type=\"text\/css\" data-created_by=\"avia_inline_auto\" id=\"style-css-av-kcgmsa72-36ff8125721c9f923e94a8e635939003\">\n#top .av-special-heading.av-kcgmsa72-36ff8125721c9f923e94a8e635939003{\npadding-bottom:10px;\n}\nbody .av-special-heading.av-kcgmsa72-36ff8125721c9f923e94a8e635939003 .av-special-heading-tag .heading-char{\nfont-size:25px;\n}\n.av-special-heading.av-kcgmsa72-36ff8125721c9f923e94a8e635939003 .av-subheading{\nfont-size:15px;\n}\n<\/style>\n<div  class='av-special-heading av-kcgmsa72-36ff8125721c9f923e94a8e635939003 av-special-heading-h1 blockquote modern-quote  avia-builder-el-23  el_before_av_textblock  avia-builder-el-first '><div class='av-subheading av-subheading_above'><p>sucursal<\/p>\n<\/div><h1 class='av-special-heading-tag'  itemprop=\"headline\"  >San Miguel<\/h1><div class=\"special-heading-border\"><div class=\"special-heading-inner-border\"><\/div><\/div><\/div><br \/>\n<section  class='av_textblock_section av-kcglhqu8-929e0201045c936446f18c53d04b2b97 '   itemscope=\"itemscope\" itemtype=\"https:\/\/schema.org\/CreativeWork\" ><div class='avia_textblock'  itemprop=\"text\" ><p>Estamos comprometidos para apoyar a los h\u00e9roes de la atenci\u00f3n de la salud en todo el mundo mediante el uso de nuestros recursos, la adaptaci\u00f3n de nuestras soluciones y la superaci\u00f3n de las barreras a fin de respaldar la lucha contra el COVID-19.<\/p>\n<\/div><\/section><\/p><\/div><div class='av-flex-placeholder'><\/div>\n<style type=\"text\/css\" data-created_by=\"avia_inline_auto\" id=\"style-css-av-24eay0-d132cca58fd12f6753a464a64bacba93\">\n.flex_column.av-24eay0-d132cca58fd12f6753a464a64bacba93{\n-webkit-border-radius:0px 0px 0px 0px;\n-moz-border-radius:0px 0px 0px 0px;\nborder-radius:0px 0px 0px 0px;\npadding:0px 0px 0px 0px;\n}\n<\/style>\n<div  class='flex_column av-24eay0-d132cca58fd12f6753a464a64bacba93 av_one_half  avia-builder-el-25  el_after_av_one_half  avia-builder-el-last  flex_column_table_cell av-equal-height-column av-align-middle av-animated-generic bottom-to-top av-zero-column-padding  '     ><style type=\"text\/css\" data-created_by=\"avia_inline_auto\" id=\"style-css-av-kcffqhs0-60e558d881116544b4cbd62f7ff96e56\">\n#top .avia-icon-list-container.av-kcffqhs0-60e558d881116544b4cbd62f7ff96e56 .iconlist_icon{\ncolor:#000000;\nborder:1px solid #;\n}\n#top #wrap_all .avia-icon-list-container.av-kcffqhs0-60e558d881116544b4cbd62f7ff96e56 .av_iconlist_title{\ncolor:#000000;\n}\n<\/style>\n<div  class='avia-icon-list-container av-kcffqhs0-60e558d881116544b4cbd62f7ff96e56  avia-builder-el-26  avia-builder-el-no-sibling '><ul class='avia-icon-list avia_animate_when_almost_visible avia-icon-list-left av-iconlist-small av-kcffqhs0-60e558d881116544b4cbd62f7ff96e56 avia-iconlist-animate'>\n<li><div class='iconlist_icon av-lnlq8-823ee439f36e930475dada5333753fac avia-font-entypo-fontello'><span class='iconlist-char' aria-hidden='true' data-av_icon='\ue821' data-av_iconfont='entypo-fontello'><\/span><\/div><article class=\"article-icon-entry av-iconlist-empty\"  itemscope=\"itemscope\" itemtype=\"https:\/\/schema.org\/CreativeWork\" ><div class=\"iconlist_content_wrap\"><header class=\"entry-content-header\"><div class='av_iconlist_title iconlist_title_small  av_inherit_color'  itemprop=\"headline\" >Av. Dr. Ricardo Balb\u00edn 2830, B1663 San Miguel, Provincia de Buenos Aires<\/div><\/header><div class='iconlist_content '  itemprop=\"text\" ><\/div><\/div><footer class=\"entry-footer\"><\/footer><\/article><div class=\"iconlist-timeline\"><\/div><\/li>\n<li><div class='iconlist_icon av-frl0g-d141a7aac94092823c9d13f5ce93db86 avia-font-entypo-fontello'><span class='iconlist-char' aria-hidden='true' data-av_icon='\ue854' data-av_iconfont='entypo-fontello'><\/span><\/div><article class=\"article-icon-entry av-iconlist-empty\"  itemscope=\"itemscope\" itemtype=\"https:\/\/schema.org\/CreativeWork\" ><div class=\"iconlist_content_wrap\"><header class=\"entry-content-header\"><div class='av_iconlist_title iconlist_title_small  av_inherit_color'  itemprop=\"headline\" >11 4526-1333 (WhatsApp)<\/div><\/header><div class='iconlist_content '  itemprop=\"text\" ><\/div><\/div><footer class=\"entry-footer\"><\/footer><\/article><div class=\"iconlist-timeline\"><\/div><\/li>\n<li><div class='iconlist_icon av-9v8q0-0be866fac2c66edd9787e6e0fae98e19 avia-font-entypo-fontello'><span class='iconlist-char' aria-hidden='true' data-av_icon='\ue805' data-av_iconfont='entypo-fontello'><\/span><\/div><article class=\"article-icon-entry av-iconlist-empty\"  itemscope=\"itemscope\" itemtype=\"https:\/\/schema.org\/CreativeWork\" ><div class=\"iconlist_content_wrap\"><header class=\"entry-content-header\"><div class='av_iconlist_title iconlist_title_small  av_inherit_color'  itemprop=\"headline\" >suc.sanmiguel@plastipaz.com.ar<\/div><\/header><div class='iconlist_content '  itemprop=\"text\" ><\/div><\/div><footer class=\"entry-footer\"><\/footer><\/article><div class=\"iconlist-timeline\"><\/div><\/li>\n<\/ul><\/div><\/div><\/div><!--close column table wrapper. Autoclose: 1 -->\n<\/div><\/div><\/div><!-- close content main div --><\/div><\/div><div id='after_section_3'  class='main_color av_default_container_wrap container_wrap sidebar_right'  ><div class='container av-section-cont-open' ><div class='template-page content  av-content-small alpha units'><div class='post-entry post-entry-type-page post-entry-184'><div class='entry-content-wrapper clearfix'>\n","protected":false},"excerpt":{"rendered":"","protected":false},"author":1,"featured_media":0,"parent":0,"menu_order":0,"comment_status":"closed","ping_status":"closed","template":"","meta":{"footnotes":""},"class_list":["post-184","page","type-page","status-publish","hentry"],"_links":{"self":[{"href":"https:\/\/plastipaz.com.ar\/sitio\/wp-json\/wp\/v2\/pages\/184","targetHints":{"allow":["GET"]}}],"collection":[{"href":"https:\/\/plastipaz.com.ar\/sitio\/wp-json\/wp\/v2\/pages"}],"about":[{"href":"https:\/\/plastipaz.com.ar\/sitio\/wp-json\/wp\/v2\/types\/page"}],"author":[{"embeddable":true,"href":"https:\/\/plastipaz.com.ar\/sitio\/wp-json\/wp\/v2\/users\/1"}],"replies":[{"embeddable":true,"href":"https:\/\/plastipaz.com.ar\/sitio\/wp-json\/wp\/v2\/comments?post=184"}],"version-history":[{"count":44,"href":"https:\/\/plastipaz.com.ar\/sitio\/wp-json\/wp\/v2\/pages\/184\/revisions"}],"predecessor-version":[{"id":1521,"href":"https:\/\/plastipaz.com.ar\/sitio\/wp-json\/wp\/v2\/pages\/184\/revisions\/1521"}],"wp:attachment":[{"href":"https:\/\/plastipaz.com.ar\/sitio\/wp-json\/wp\/v2\/media?parent=184"}],"curies":[{"name":"wp","href":"https:\/\/api.w.org\/{rel}","templated":true}]}}